{"id":135776,"date":"2022-11-04T20:44:45","date_gmt":"2022-11-04T17:44:45","guid":{"rendered":"https:\/\/2troxo.gr\/v1\/?post_type=product&#038;p=135776"},"modified":"2026-02-16T14:23:13","modified_gmt":"2026-02-16T12:23:13","slug":"dominator-%ce%bb%ce%b1%ce%b9%ce%bc%cf%8c%cf%82-%ce%b5%ce%be%ce%ac%cf%84%ce%bc%ce%b9%cf%83%ce%b7%cf%82-s-steel-yamaha-tenere-600-1987-1989","status":"publish","type":"product","link":"https:\/\/2troxo.gr\/v1\/product\/dominator-%ce%bb%ce%b1%ce%b9%ce%bc%cf%8c%cf%82-%ce%b5%ce%be%ce%ac%cf%84%ce%bc%ce%b9%cf%83%ce%b7%cf%82-s-steel-yamaha-tenere-600-1987-1989\/","title":{"rendered":"Dominator \u039b\u03b1\u03b9\u03bc\u03cc\u03c2 \u0395\u03be\u03ac\u03c4\u03bc\u03b9\u03c3\u03b7\u03c2 S.Steel Yamaha Tenere 600 1987 &#8211; 1989"},"content":{"rendered":"<div id=\"tab-description\" class=\"tab-content\">\n<p>&nbsp;<\/p>\n<div id=\"tab-description\" class=\"tab-content\">\n<p>&nbsp;<\/p>\n<p data-start=\"216\" data-end=\"337\">\ud83d\udd29 <strong data-start=\"219\" data-end=\"279\">\u03a3\u03c0\u03bf\u03c1 \u039b\u03b1\u03b9\u03bc\u03cc\u03c2 \u0395\u03be\u03ac\u03c4\u03bc\u03b9\u03c3\u03b7\u03c2 DOMINATOR \u03b3\u03b9\u03b1 Yamaha XT 600 T\u00e9n\u00e9r\u00e9<\/strong><br data-start=\"279\" data-end=\"282\" \/>\ud83d\udca8 <strong data-start=\"285\" data-end=\"337\">\u0391\u03bd\u03b1\u03b2\u03ac\u03b8\u03bc\u03b9\u03c3\u03b5 \u03c4\u03bf\u03bd \u03ae\u03c7\u03bf \u03ba\u03b1\u03b9 \u03c4\u03b7 \u03b4\u03cd\u03bd\u03b1\u03bc\u03b7 \u03c4\u03b7\u03c2 T\u00e9n\u00e9r\u00e9 \u03c3\u03bf\u03c5!<\/strong><\/p>\n<p data-start=\"339\" data-end=\"528\">\ud83d\udce6 <strong data-start=\"342\" data-end=\"366\">\u03a0\u03b5\u03c1\u03b9\u03b3\u03c1\u03b1\u03c6\u03ae \u03c0\u03c1\u03bf\u03ca\u03cc\u03bd\u03c4\u03bf\u03c2:<\/strong><br data-start=\"366\" data-end=\"369\" \/>\u2022 \u039b\u03b1\u03b9\u03bc\u03cc\u03c2 \u03b5\u03be\u03ac\u03c4\u03bc\u03b9\u03c3\u03b7\u03c2 \u03b1\u03c0\u03b5\u03c5\u03b8\u03b5\u03af\u03b1\u03c2 \u03c1\u03bf\u03ae\u03c2<br data-start=\"402\" data-end=\"405\" \/>\u2022 \u03a3\u03c5\u03bc\u03b2\u03b1\u03c4\u03cc\u03c2 \u03bc\u03b5 \u03c4\u03b7\u03bd \u03b5\u03c1\u03b3\u03bf\u03c3\u03c4\u03b1\u03c3\u03b9\u03b1\u03ba\u03ae \u03b5\u03be\u03ac\u03c4\u03bc\u03b9\u03c3\u03b7<br data-start=\"444\" data-end=\"447\" \/>\u2022 \u03a5\u03bb\u03b9\u03ba\u03cc: \u03a5\u03c8\u03b7\u03bb\u03ae\u03c2 \u03c0\u03bf\u03b9\u03cc\u03c4\u03b7\u03c4\u03b1\u03c2 \u03b1\u03bd\u03bf\u03be\u03b5\u03af\u03b4\u03c9\u03c4\u03bf \u03b1\u03c4\u03c3\u03ac\u03bb\u03b9<br data-start=\"490\" data-end=\"493\" \/>\u2022 \u0395\u03cd\u03ba\u03bf\u03bb\u03b7 \u03c4\u03bf\u03c0\u03bf\u03b8\u03ad\u03c4\u03b7\u03c3\u03b7 \u2013 Plug &amp; Play<\/p>\n<p data-start=\"530\" data-end=\"781\">\ud83d\udd25 \u039f \u03c3\u03c0\u03bf\u03c1 \u03bb\u03b1\u03b9\u03bc\u03cc\u03c2 \u03b5\u03be\u03ac\u03c4\u03bc\u03b9\u03c3\u03b7\u03c2 DOMINATOR \u03b5\u03bd\u03b9\u03c3\u03c7\u03cd\u03b5\u03b9 \u03b1\u03b9\u03c3\u03b8\u03b7\u03c4\u03ac \u03c4\u03b7\u03bd <strong data-start=\"588\" data-end=\"608\">\u03b9\u03c3\u03c7\u03cd \u03ba\u03b1\u03b9 \u03c4\u03b7 \u03c1\u03bf\u03c0\u03ae<\/strong> \u03c4\u03bf\u03c5 \u03ba\u03b9\u03bd\u03b7\u03c4\u03ae\u03c1\u03b1, \u03c0\u03c1\u03bf\u03c3\u03c6\u03ad\u03c1\u03bf\u03bd\u03c4\u03b1\u03c2 \u03c4\u03b1\u03c5\u03c4\u03cc\u03c7\u03c1\u03bf\u03bd\u03b1 <strong data-start=\"647\" data-end=\"663\">\u03c7\u03b1\u03bc\u03b7\u03bb\u03cc \u03b2\u03ac\u03c1\u03bf\u03c2<\/strong> \u03ba\u03b1\u03b9 <strong data-start=\"668\" data-end=\"686\">\u03b1\u03b3\u03c9\u03bd\u03b9\u03c3\u03c4\u03b9\u03ba\u03cc \u03ae\u03c7\u03bf<\/strong> \u03c0\u03bf\u03c5 \u03b8\u03b1 \u03bb\u03b1\u03c4\u03c1\u03ad\u03c8\u03b5\u03b9\u03c2.<br data-start=\"704\" data-end=\"707\" \/>\u0399\u03b4\u03b1\u03bd\u03b9\u03ba\u03ae \u03b5\u03c0\u03b9\u03bb\u03bf\u03b3\u03ae \u03b3\u03b9\u03b1 \u03cc\u03c3\u03bf\u03c5\u03c2 \u03b6\u03b7\u03c4\u03bf\u03cd\u03bd \u03ba\u03ac\u03c4\u03b9 \u03c0\u03b1\u03c1\u03b1\u03c0\u03ac\u03bd\u03c9 \u03b1\u03c0\u03cc \u03c4\u03b7\u03bd XT 600 T\u00e9n\u00e9r\u00e9 \u03c4\u03bf\u03c5\u03c2!<\/p>\n<p data-start=\"783\" data-end=\"951\">\u2705 <strong data-start=\"785\" data-end=\"804\">\u03a7\u03b1\u03c1\u03b1\u03ba\u03c4\u03b7\u03c1\u03b9\u03c3\u03c4\u03b9\u03ba\u03ac:<\/strong><br data-start=\"804\" data-end=\"807\" \/>\u2022 \u0395\u03be\u03b1\u03b9\u03c1\u03b5\u03c4\u03b9\u03ba\u03ae \u03c0\u03bf\u03b9\u03cc\u03c4\u03b7\u03c4\u03b1 \u03ba\u03b1\u03c4\u03b1\u03c3\u03ba\u03b5\u03c5\u03ae\u03c2<br data-start=\"839\" data-end=\"842\" \/>\u2022 \u03a3\u03c7\u03b5\u03b4\u03b9\u03b1\u03c3\u03bc\u03ad\u03bd\u03bf\u03c2 \u03b3\u03b9\u03b1 \u03bc\u03ad\u03b3\u03b9\u03c3\u03c4\u03b7 \u03b1\u03c0\u03cc\u03b4\u03bf\u03c3\u03b7<br data-start=\"876\" data-end=\"879\" \/>\u2022 100% \u0395\u03c5\u03c1\u03c9\u03c0\u03b1\u03ca\u03ba\u03ae\u03c2 \u03c0\u03b1\u03c1\u03b1\u03b3\u03c9\u03b3\u03ae\u03c2 \ud83c\uddea\ud83c\uddfa<br data-start=\"911\" data-end=\"914\" \/>\u2022 <strong data-start=\"916\" data-end=\"946\" data-is-only-node=\"\">5 \u03c7\u03c1\u03cc\u03bd\u03b9\u03b1 \u03b5\u03b3\u03b3\u03cd\u03b7\u03c3\u03b7 DOMINATOR<\/strong> \ud83c\uddf5\ud83c\uddf1<\/p>\n<\/div>\n<\/div>\n","protected":false},"excerpt":{"rendered":"<p>https:\/\/www.youtube.com\/watch?v=sAaZLEMARM8<\/p>\n","protected":false},"featured_media":135777,"template":"","meta":[],"product_brand":[],"product_cat":[499],"product_tag":[],"class_list":{"0":"post-135776","1":"product","2":"type-product","3":"status-publish","4":"has-post-thumbnail","6":"product_cat-dominator-exhausts","8":"first","9":"instock","10":"purchasable","11":"product-type-simple"},"_links":{"self":[{"href":"https:\/\/2troxo.gr\/v1\/wp-json\/wp\/v2\/product\/135776","targetHints":{"allow":["GET"]}}],"collection":[{"href":"https:\/\/2troxo.gr\/v1\/wp-json\/wp\/v2\/product"}],"about":[{"href":"https:\/\/2troxo.gr\/v1\/wp-json\/wp\/v2\/types\/product"}],"wp:featuredmedia":[{"embeddable":true,"href":"https:\/\/2troxo.gr\/v1\/wp-json\/wp\/v2\/media\/135777"}],"wp:attachment":[{"href":"https:\/\/2troxo.gr\/v1\/wp-json\/wp\/v2\/media?parent=135776"}],"wp:term":[{"taxonomy":"product_brand","embeddable":true,"href":"https:\/\/2troxo.gr\/v1\/wp-json\/wp\/v2\/product_brand?post=135776"},{"taxonomy":"product_cat","embeddable":true,"href":"https:\/\/2troxo.gr\/v1\/wp-json\/wp\/v2\/product_cat?post=135776"},{"taxonomy":"product_tag","embeddable":true,"href":"https:\/\/2troxo.gr\/v1\/wp-json\/wp\/v2\/product_tag?post=135776"}],"curies":[{"name":"wp","href":"https:\/\/api.w.org\/{rel}","templated":true}]}}